{"id":2600,"date":"2025-09-05T10:15:49","date_gmt":"2025-09-05T08:15:49","guid":{"rendered":"https:\/\/kaeliyn.fr\/?page_id=2600"},"modified":"2025-12-30T18:57:59","modified_gmt":"2025-12-30T17:57:59","slug":"portfolio-cosplays","status":"publish","type":"page","link":"https:\/\/kaeliyn.fr\/index.php\/portfolio-cosplays\/","title":{"rendered":"Portfolio Cosplays"},"content":{"rendered":"\t\t<div data-elementor-type=\"wp-page\" data-elementor-id=\"2600\" class=\"elementor elementor-2600\" data-elementor-post-type=\"page\">\n\t\t\t\t<div class=\"elementor-element elementor-element-26e2721 e-flex e-con-boxed e-con e-parent\" data-id=\"26e2721\" data-element_type=\"container\" data-e-type=\"container\">\n\t\t\t\t\t<div class=\"e-con-inner\">\n\t\t\t\t<div class=\"elementor-element elementor-element-c78a628 elementor-widget elementor-widget-heading\" data-id=\"c78a628\" data-element_type=\"widget\" data-e-type=\"widget\" data-widget_type=\"heading.default\">\n\t\t\t\t<div class=\"elementor-widget-container\">\n\t\t\t\t\t<h1 class=\"elementor-heading-title elementor-size-default\">Portfolio Cosplay<\/h1>\t\t\t\t<\/div>\n\t\t\t\t<\/div>\n\t\t\t\t<div class=\"elementor-element elementor-element-f705362 elementor-grid-3 elementor-grid-tablet-2 elementor-grid-mobile-1 elementor-widget elementor-widget-portfolio\" data-id=\"f705362\" data-element_type=\"widget\" data-e-type=\"widget\" data-settings=\"{&quot;masonry&quot;:&quot;yes&quot;,&quot;columns&quot;:&quot;3&quot;,&quot;columns_tablet&quot;:&quot;2&quot;,&quot;columns_mobile&quot;:&quot;1&quot;,&quot;item_gap&quot;:{&quot;unit&quot;:&quot;px&quot;,&quot;size&quot;:&quot;&quot;,&quot;sizes&quot;:[]},&quot;row_gap&quot;:{&quot;unit&quot;:&quot;px&quot;,&quot;size&quot;:&quot;&quot;,&quot;sizes&quot;:[]}}\" data-widget_type=\"portfolio.default\">\n\t\t\t\t<div class=\"elementor-widget-container\">\n\t\t\t\t\t\t\t<ul class=\"elementor-portfolio__filters\">\n\t\t\t<li class=\"elementor-portfolio__filter elementor-active\" tabindex=\"0\" data-filter=\"__all\">All<\/li>\n\t\t\t\t\t\t\t<li class=\"elementor-portfolio__filter\" tabindex=\"0\" data-filter=\"1\">Non class\u00e9<\/li>\n\t\t\t\t\t<\/ul>\n\t\t\t\t<div class=\"elementor-portfolio elementor-grid elementor-posts-container\" role=\"list\">\n\t\t\t\t<article class=\"elementor-portfolio-item elementor-post elementor-filter-1 post-74 post type-post status-publish format-standard has-post-thumbnail hentry category-non-classe\" role=\"listitem\">\n\t\t\t<a class=\"elementor-post__thumbnail__link\" href=\"https:\/\/kaeliyn.fr\/index.php\/2023\/10\/22\/beautiful-bouquet\/\">\n\t\t\t\t<div class=\"elementor-portfolio-item__img elementor-post__thumbnail\">\n\t\t\t<img fetchpriority=\"high\" decoding=\"async\" width=\"800\" height=\"266\" src=\"https:\/\/kaeliyn.fr\/wp-content\/uploads\/2025\/09\/cropped-cropped-16-1.png\" class=\"attachment-vp_md size-vp_md wp-image-16\" alt=\"\" srcset=\"https:\/\/kaeliyn.fr\/wp-content\/uploads\/2025\/09\/cropped-cropped-16-1.png 1000w, https:\/\/kaeliyn.fr\/wp-content\/uploads\/2025\/09\/cropped-cropped-16-1-300x100.png 300w, https:\/\/kaeliyn.fr\/wp-content\/uploads\/2025\/09\/cropped-cropped-16-1-768x255.png 768w\" sizes=\"(max-width: 800px) 100vw, 800px\" \/>\t\t<\/div>\n\t\t\t\t<div class=\"elementor-portfolio-item__overlay\">\n\t\t\t\t<h3 class=\"elementor-portfolio-item__title\">\n\t\tLucia Nanami (Transformation from Mermaid Melody)\t\t<\/h3>\n\t\t\t\t<\/div>\n\t\t\t\t<\/a>\n\t\t<\/article>\n\t\t\t\t<article class=\"elementor-portfolio-item elementor-post elementor-filter-1 post-64 post type-post status-publish format-standard has-post-thumbnail hentry category-non-classe\" role=\"listitem\">\n\t\t\t<a class=\"elementor-post__thumbnail__link\" href=\"https:\/\/kaeliyn.fr\/index.php\/2023\/10\/22\/love-of-books\/\">\n\t\t\t\t<div class=\"elementor-portfolio-item__img elementor-post__thumbnail\">\n\t\t\t\t\t<\/div>\n\t\t\t\t<div class=\"elementor-portfolio-item__overlay\">\n\t\t\t\t<h3 class=\"elementor-portfolio-item__title\">\n\t\tLove of Books\t\t<\/h3>\n\t\t\t\t<\/div>\n\t\t\t\t<\/a>\n\t\t<\/article>\n\t\t\t\t<article class=\"elementor-portfolio-item elementor-post elementor-filter-1 post-70 post type-post status-publish format-standard has-post-thumbnail hentry category-non-classe\" role=\"listitem\">\n\t\t\t<a class=\"elementor-post__thumbnail__link\" href=\"https:\/\/kaeliyn.fr\/index.php\/2023\/10\/22\/lazy-days\/\">\n\t\t\t\t<div class=\"elementor-portfolio-item__img elementor-post__thumbnail\">\n\t\t\t\t\t<\/div>\n\t\t\t\t<div class=\"elementor-portfolio-item__overlay\">\n\t\t\t\t<h3 class=\"elementor-portfolio-item__title\">\n\t\tLazy Days\t\t<\/h3>\n\t\t\t\t<\/div>\n\t\t\t\t<\/a>\n\t\t<\/article>\n\t\t\t\t<article class=\"elementor-portfolio-item elementor-post elementor-filter-1 post-66 post type-post status-publish format-standard has-post-thumbnail hentry category-non-classe\" role=\"listitem\">\n\t\t\t<a class=\"elementor-post__thumbnail__link\" href=\"https:\/\/kaeliyn.fr\/index.php\/2023\/10\/22\/sweet-coffee\/\">\n\t\t\t\t<div class=\"elementor-portfolio-item__img elementor-post__thumbnail\">\n\t\t\t\t\t<\/div>\n\t\t\t\t<div class=\"elementor-portfolio-item__overlay\">\n\t\t\t\t<h3 class=\"elementor-portfolio-item__title\">\n\t\tSweet Coffee\t\t<\/h3>\n\t\t\t\t<\/div>\n\t\t\t\t<\/a>\n\t\t<\/article>\n\t\t\t\t<article class=\"elementor-portfolio-item elementor-post elementor-filter-1 post-60 post type-post status-publish format-standard has-post-thumbnail hentry category-non-classe\" role=\"listitem\">\n\t\t\t<a class=\"elementor-post__thumbnail__link\" href=\"https:\/\/kaeliyn.fr\/index.php\/2023\/10\/22\/boho-fashion\/\">\n\t\t\t\t<div class=\"elementor-portfolio-item__img elementor-post__thumbnail\">\n\t\t\t\t\t<\/div>\n\t\t\t\t<div class=\"elementor-portfolio-item__overlay\">\n\t\t\t\t<h3 class=\"elementor-portfolio-item__title\">\n\t\tBoho fashion\t\t<\/h3>\n\t\t\t\t<\/div>\n\t\t\t\t<\/a>\n\t\t<\/article>\n\t\t\t\t<article class=\"elementor-portfolio-item elementor-post elementor-filter-1 post-62 post type-post status-publish format-standard has-post-thumbnail hentry category-non-classe\" role=\"listitem\">\n\t\t\t<a class=\"elementor-post__thumbnail__link\" href=\"https:\/\/kaeliyn.fr\/index.php\/2023\/10\/22\/rustic-decor\/\">\n\t\t\t\t<div class=\"elementor-portfolio-item__img elementor-post__thumbnail\">\n\t\t\t\t\t<\/div>\n\t\t\t\t<div class=\"elementor-portfolio-item__overlay\">\n\t\t\t\t<h3 class=\"elementor-portfolio-item__title\">\n\t\tRustic decor\t\t<\/h3>\n\t\t\t\t<\/div>\n\t\t\t\t<\/a>\n\t\t<\/article>\n\t\t\t\t<\/div>\n\t\t\t\t\t\t<\/div>\n\t\t\t\t<\/div>\n\t\t\t\t\t<\/div>\n\t\t\t\t<\/div>\n\t\t<div class=\"elementor-element elementor-element-6ef26fe e-flex e-con-boxed e-con e-parent\" data-id=\"6ef26fe\" data-element_type=\"container\" data-e-type=\"container\">\n\t\t\t\t\t<div class=\"e-con-inner\">\n\t\t\t\t<div class=\"elementor-element elementor-element-ef09ba8 elementor-widget elementor-widget-text-editor\" data-id=\"ef09ba8\" data-element_type=\"widget\" data-e-type=\"widget\" data-widget_type=\"text-editor.default\">\n\t\t\t\t<div class=\"elementor-widget-container\">\n\t\t\t\t\t\t\t\t\t<p data-start=\"219\" data-end=\"470\">Chaque tenue pr\u00e9sent\u00e9e ici a d\u00e9j\u00e0 \u00e9t\u00e9 port\u00e9, incarn\u00e9 et partag\u00e9 avec le public lors d\u2019\u00e9v\u00e9nements et conventions.<br data-start=\"335\" data-end=\"338\" \/>Derri\u00e8re chaque cosplay se cache une histoire, un univers et une performance pens\u00e9e pour cr\u00e9er un v\u00e9ritable moment de rencontre.<\/p><p data-start=\"477\" data-end=\"591\">Ce portfolio refl\u00e8te une approche vivante du cosplay, o\u00f9 le costume devient un moyen d\u2019animation et d\u2019immersion.<\/p>\t\t\t\t\t\t\t\t<\/div>\n\t\t\t\t<\/div>\n\t\t\t\t\t<\/div>\n\t\t\t\t<\/div>\n\t\t<div class=\"elementor-element elementor-element-c78bb14 e-grid e-con-boxed e-con e-parent\" data-id=\"c78bb14\" data-element_type=\"container\" data-e-type=\"container\">\n\t\t\t\t\t<div class=\"e-con-inner\">\n\t\t\t\t<div class=\"elementor-element elementor-element-c32b841 elementor-widget elementor-widget-image\" data-id=\"c32b841\" data-element_type=\"widget\" data-e-type=\"widget\" data-widget_type=\"image.default\">\n\t\t\t\t<div class=\"elementor-widget-container\">\n\t\t\t\t\t\t\t\t\t\t\t\t\t\t\t\t<a href=\"#elementor-action%3Aaction%3Dpopup%3Aopen%26settings%3DeyJpZCI6IjI2MzUiLCJ0b2dnbGUiOmZhbHNlfQ%3D%3D\">\n\t\t\t\t\t\t\t<img decoding=\"async\" width=\"240\" height=\"300\" src=\"https:\/\/kaeliyn.fr\/wp-content\/uploads\/2025\/10\/487823578_18341705623155075_3319094995162805861_n-240x300.jpg\" class=\"elementor-animation-grow attachment-medium size-medium wp-image-2626\" alt=\"\" srcset=\"https:\/\/kaeliyn.fr\/wp-content\/uploads\/2025\/10\/487823578_18341705623155075_3319094995162805861_n-240x300.jpg 240w, https:\/\/kaeliyn.fr\/wp-content\/uploads\/2025\/10\/487823578_18341705623155075_3319094995162805861_n-500x625.jpg 500w, https:\/\/kaeliyn.fr\/wp-content\/uploads\/2025\/10\/487823578_18341705623155075_3319094995162805861_n.jpg 640w\" sizes=\"(max-width: 240px) 100vw, 240px\" \/>\t\t\t\t\t\t\t\t<\/a>\n\t\t\t\t\t\t\t\t\t\t\t\t\t\t\t<\/div>\n\t\t\t\t<\/div>\n\t\t\t\t<div class=\"elementor-element elementor-element-92e2649 elementor-widget elementor-widget-image\" data-id=\"92e2649\" data-element_type=\"widget\" data-e-type=\"widget\" data-widget_type=\"image.default\">\n\t\t\t\t<div class=\"elementor-widget-container\">\n\t\t\t\t\t\t\t\t\t\t\t\t\t\t\t\t<a href=\"#elementor-action%3Aaction%3Dpopup%3Aopen%26settings%3DeyJpZCI6IjI4MDciLCJ0b2dnbGUiOmZhbHNlfQ%3D%3D\">\n\t\t\t\t\t\t\t<img decoding=\"async\" width=\"200\" height=\"300\" src=\"https:\/\/kaeliyn.fr\/wp-content\/uploads\/2025\/09\/11-200x300.png\" class=\"elementor-animation-grow attachment-medium size-medium wp-image-34\" alt=\"\" srcset=\"https:\/\/kaeliyn.fr\/wp-content\/uploads\/2025\/09\/11-200x300.png 200w, https:\/\/kaeliyn.fr\/wp-content\/uploads\/2025\/09\/11-682x1024.png 682w, https:\/\/kaeliyn.fr\/wp-content\/uploads\/2025\/09\/11-768x1152.png 768w, https:\/\/kaeliyn.fr\/wp-content\/uploads\/2025\/09\/11-1024x1536.png 1024w, https:\/\/kaeliyn.fr\/wp-content\/uploads\/2025\/09\/11-500x750.png 500w, https:\/\/kaeliyn.fr\/wp-content\/uploads\/2025\/09\/11-800x1200.png 800w, https:\/\/kaeliyn.fr\/wp-content\/uploads\/2025\/09\/11.png 1181w\" sizes=\"(max-width: 200px) 100vw, 200px\" \/>\t\t\t\t\t\t\t\t<\/a>\n\t\t\t\t\t\t\t\t\t\t\t\t\t\t\t<\/div>\n\t\t\t\t<\/div>\n\t\t\t\t<div class=\"elementor-element elementor-element-7760253 elementor-widget elementor-widget-image\" data-id=\"7760253\" data-element_type=\"widget\" data-e-type=\"widget\" data-widget_type=\"image.default\">\n\t\t\t\t<div class=\"elementor-widget-container\">\n\t\t\t\t\t\t\t\t\t\t\t\t\t\t\t<img loading=\"lazy\" decoding=\"async\" width=\"225\" height=\"300\" src=\"https:\/\/kaeliyn.fr\/wp-content\/uploads\/2025\/10\/505430259_18350447101155075_5986573682161510728_n-225x300.jpg\" class=\"elementor-animation-grow attachment-medium size-medium wp-image-2625\" alt=\"\" srcset=\"https:\/\/kaeliyn.fr\/wp-content\/uploads\/2025\/10\/505430259_18350447101155075_5986573682161510728_n-225x300.jpg 225w, https:\/\/kaeliyn.fr\/wp-content\/uploads\/2025\/10\/505430259_18350447101155075_5986573682161510728_n-500x666.jpg 500w, https:\/\/kaeliyn.fr\/wp-content\/uploads\/2025\/10\/505430259_18350447101155075_5986573682161510728_n.jpg 640w\" sizes=\"(max-width: 225px) 100vw, 225px\" \/>\t\t\t\t\t\t\t\t\t\t\t\t\t\t\t<\/div>\n\t\t\t\t<\/div>\n\t\t\t\t\t<\/div>\n\t\t\t\t<\/div>\n\t\t<div class=\"elementor-element elementor-element-01692b3 e-flex e-con-boxed e-con e-parent\" data-id=\"01692b3\" data-element_type=\"container\" data-e-type=\"container\">\n\t\t\t\t\t<div class=\"e-con-inner\">\n\t\t\t\t<div class=\"elementor-element elementor-element-8a2c31e elementor-align-center elementor-widget elementor-widget-button\" data-id=\"8a2c31e\" data-element_type=\"widget\" data-e-type=\"widget\" data-widget_type=\"button.default\">\n\t\t\t\t<div class=\"elementor-widget-container\">\n\t\t\t\t\t\t\t\t\t<div class=\"elementor-button-wrapper\">\n\t\t\t\t\t<a class=\"elementor-button elementor-button-link elementor-size-sm\" href=\"#\">\n\t\t\t\t\t\t<span class=\"elementor-button-content-wrapper\">\n\t\t\t\t\t\t\t\t\t<span class=\"elementor-button-text\">Vous souhaitez donner vie \u00e0 vos \u00e9v\u00e9nements ? Discutons ensemble de votre projet.<\/span>\n\t\t\t\t\t<\/span>\n\t\t\t\t\t<\/a>\n\t\t\t\t<\/div>\n\t\t\t\t\t\t\t\t<\/div>\n\t\t\t\t<\/div>\n\t\t\t\t\t<\/div>\n\t\t\t\t<\/div>\n\t\t\t\t<\/div>\n\t\t","protected":false},"excerpt":{"rendered":"<p>Portfolio Cosplay Chaque tenue pr\u00e9sent\u00e9e ici a d\u00e9j\u00e0 \u00e9t\u00e9 port\u00e9, incarn\u00e9 et partag\u00e9 avec le public lors d\u2019\u00e9v\u00e9nements et conventions.Derri\u00e8re chaque cosplay se cache une histoire, un univers et une performance pens\u00e9e pour cr\u00e9er un v\u00e9ritable moment de rencontre. Ce portfolio refl\u00e8te une approche vivante du cosplay, o\u00f9 le costume devient un moyen d\u2019animation et [&hellip;]<\/p>\n","protected":false},"author":1,"featured_media":0,"parent":0,"menu_order":0,"comment_status":"closed","ping_status":"closed","template":"","meta":{"_acf_changed":false,"_monsterinsights_skip_tracking":false,"_monsterinsights_sitenote_active":false,"_monsterinsights_sitenote_note":"","_monsterinsights_sitenote_category":0,"_vp_format_video_url":"","_vp_image_focal_point":[],"footnotes":""},"class_list":["post-2600","page","type-page","status-publish","hentry"],"aioseo_notices":[],"acf":[],"_links":{"self":[{"href":"https:\/\/kaeliyn.fr\/index.php\/wp-json\/wp\/v2\/pages\/2600","targetHints":{"allow":["GET"]}}],"collection":[{"href":"https:\/\/kaeliyn.fr\/index.php\/wp-json\/wp\/v2\/pages"}],"about":[{"href":"https:\/\/kaeliyn.fr\/index.php\/wp-json\/wp\/v2\/types\/page"}],"author":[{"embeddable":true,"href":"https:\/\/kaeliyn.fr\/index.php\/wp-json\/wp\/v2\/users\/1"}],"replies":[{"embeddable":true,"href":"https:\/\/kaeliyn.fr\/index.php\/wp-json\/wp\/v2\/comments?post=2600"}],"version-history":[{"count":34,"href":"https:\/\/kaeliyn.fr\/index.php\/wp-json\/wp\/v2\/pages\/2600\/revisions"}],"predecessor-version":[{"id":2916,"href":"https:\/\/kaeliyn.fr\/index.php\/wp-json\/wp\/v2\/pages\/2600\/revisions\/2916"}],"wp:attachment":[{"href":"https:\/\/kaeliyn.fr\/index.php\/wp-json\/wp\/v2\/media?parent=2600"}],"curies":[{"name":"wp","href":"https:\/\/api.w.org\/{rel}","templated":true}]}}